{"id":30129,"date":"2026-03-16T13:41:12","date_gmt":"2026-03-16T10:41:12","guid":{"rendered":"https:\/\/scentandsoul.gr\/?post_type=product&#038;p=30129"},"modified":"2026-03-16T13:41:12","modified_gmt":"2026-03-16T10:41:12","slug":"badee-al-oud-honor-glory-eau-de-parfum-100ml-unisex-fragrance-2","status":"publish","type":"product","link":"https:\/\/scentandsoul.gr\/en\/p\/badee-al-oud-honor-glory-eau-de-parfum-100ml-unisex-fragrance-2\/","title":{"rendered":"Bade&#8217;e Al Oud &#8211; Honor &#038; Glory Eau De Parfum 100ml Unisex Fragrance"},"content":{"rendered":"<p data-start=\"31\" data-end=\"80\">An oriental, sweet fragrance for women and men.<\/p>\n<p data-start=\"87\" data-end=\"312\">A distinctive and delightful fragrance that combines sweet gourmand notes with warm spices and creamy woody accords. It creates a rich and elegant olfactory experience that captures attention and leaves a strong impression.<\/p>\n<p data-start=\"319\" data-end=\"451\">Ideal for those who love warm, sweet, and modern fragrances that stand out, suitable for both everyday wear and special occasions.<\/p>\n<p data-start=\"458\" data-end=\"552\" data-is-last-node=\"\">This is an authentic product from the house of <span class=\"hover:entity-accent entity-underline inline cursor-pointer align-baseline\"><span class=\"whitespace-normal\">Lattafa<\/span><\/span> Perfumes.<\/p>\n","protected":false},"excerpt":{"rendered":"<p data-start=\"0\" data-end=\"40\"><strong data-start=\"0\" data-end=\"14\">Top notes:<\/strong> pineapple, cr\u00e8me br\u00fbl\u00e9e<\/p>\n<p data-start=\"42\" data-end=\"103\"><strong data-start=\"42\" data-end=\"59\">Middle Notes:<\/strong> cinnamon, turmeric, black pepper, benzoin<\/p>\n<p data-start=\"105\" data-end=\"156\" data-is-last-node=\"\" data-is-only-node=\"\"><strong data-start=\"105\" data-end=\"120\">Base Notes:<\/strong> vanilla, sandalwood, cashmere, moss<\/p>\n","protected":false},"featured_media":30125,"template":"","meta":[],"product_brand":[],"product_cat":[],"product_tag":[],"class_list":{"0":"post-30129","1":"product","2":"type-product","3":"status-publish","4":"has-post-thumbnail","6":"pa_brand-lattafa","7":"pa_family-anatolitika","8":"tm-has-options","10":"first","11":"instock","12":"taxable","13":"shipping-taxable","14":"purchasable","15":"product-type-simple"},"acf":[],"_links":{"self":[{"href":"https:\/\/scentandsoul.gr\/en\/wp-json\/wp\/v2\/product\/30129","targetHints":{"allow":["GET"]}}],"collection":[{"href":"https:\/\/scentandsoul.gr\/en\/wp-json\/wp\/v2\/product"}],"about":[{"href":"https:\/\/scentandsoul.gr\/en\/wp-json\/wp\/v2\/types\/product"}],"wp:featuredmedia":[{"embeddable":true,"href":"https:\/\/scentandsoul.gr\/en\/wp-json\/wp\/v2\/media\/30125"}],"wp:attachment":[{"href":"https:\/\/scentandsoul.gr\/en\/wp-json\/wp\/v2\/media?parent=30129"}],"wp:term":[{"taxonomy":"product_brand","embeddable":true,"href":"https:\/\/scentandsoul.gr\/en\/wp-json\/wp\/v2\/product_brand?post=30129"},{"taxonomy":"product_cat","embeddable":true,"href":"https:\/\/scentandsoul.gr\/en\/wp-json\/wp\/v2\/product_cat?post=30129"},{"taxonomy":"product_tag","embeddable":true,"href":"https:\/\/scentandsoul.gr\/en\/wp-json\/wp\/v2\/product_tag?post=30129"}],"curies":[{"name":"wp","href":"https:\/\/api.w.org\/{rel}","templated":true}]}}